{"id":232,"date":"2020-02-02T18:03:14","date_gmt":"2020-02-02T18:03:14","guid":{"rendered":"https:\/\/oamgmamr-tulcea.ro\/?page_id=232"},"modified":"2025-09-11T19:10:26","modified_gmt":"2025-09-11T17:10:26","slug":"certificatul-de-membru","status":"publish","type":"page","link":"https:\/\/oamgmamr-tulcea.ro\/index.php\/certificatul-de-membru\/","title":{"rendered":"Certificatul de membru"},"content":{"rendered":"<p>[vc_row][vc_column width=&#8221;2\/3&#8243;][vc_column_text]<\/p>\n<div class=\"vc_row wpb_row vc_row-fluid\">\n<div class=\"wpb_column vc_column_container vc_col-sm-12\">\n<div class=\"vc_column-inner\">\n<div class=\"wpb_wrapper\">\n<div class=\"vc_row wpb_row vc_row-fluid\">\n<div class=\"wpb_column vc_column_container vc_col-sm-12\">\n<div class=\"vc_column-inner\">\n<div class=\"wpb_wrapper\">\n<h2 class=\"vc_custom_heading\">Acte necesare eliber\u0103rii certificatului de membru<\/h2>\n<div class=\"wpb_text_column wpb_content_element \">\n<div class=\"wpb_wrapper\">\n<p>Conform OUG 144\/2008 privind exercitarea profesiei de asistent medical generalist, moa\u015f\u0103 \u015fi asistent medical, precum \u015fi organizarea \u015fi func\u0163ionarea Ordinului Asisten\u0163ilor Medicali Generali\u015fti, Moa\u015felor \u015fi Asisten\u0163ilor Medicali<\/p>\n<ul>\n<li><strong>DOCUMENTE NECESARE PENTRU \u00ceNSCRIEREA \u00ceN OAMGMAMR \u0218I ELIBERAREA CERTIFICATULUI DE MEMBRU<\/strong><strong>\u00a0<\/strong><strong>-Copia actului de identitate, Certificat de atestare a domiciliului \u00een cazul c\u0103r\u021bilor electronice de identitate<\/strong>\n<p><strong>-Documentele de studii care atest\u0103 formarea \u00een profesie<\/strong><\/p>\n<p><strong>-Certificat de cazier judiciar<\/strong><\/p>\n<p><strong>-Adeverin\u021b\u0103 care atest\u0103 starea de s\u0103n\u0103tate corespunz\u0103toare, eliberat\u0103 cu cel mult 6 luni anterior de c\u0103tre medicul de familie al solicitantului<\/strong><\/p>\n<p><strong>-Avizul psihologic, eliberat \u00een baza unei evalu\u0103ri psihologice realizat\u0103 \u00een cadrul unei unit\u0103\u021bi specializate acreditate, valabil potrivit prevederilor legale<\/strong><\/p>\n<p><strong>-Documente de schimbare a numelui, dup\u0103 caz<\/strong><\/p>\n<p><strong>-Certificat de absolvire a liceului\/diplom\u0103 de bacalaureat-la solicitarea filialei Tulcea a OAMGMAMR<\/strong><\/p>\n<p><strong>Aten\u021bie! Nu mai este valabil certificatul medical tip A5<\/strong><\/p>\n<p><strong>Pentru avizul psihologic este necesar\u0103 o programare prealabil\u0103.<\/strong><\/p>\n<p>Cabinetele psihologilor specializa\u021bi \u00een medicina muncii \u0219i organiza\u021bional\u0103\u00a0 din jude\u021bul Tulcea\u00a0 le reg\u0103si\u021bi \u00een tabelul de mai jos:<\/p>\n<table width=\"692\">\n<tbody>\n<tr>\n<td width=\"48\"><strong>\u00a0<\/strong><\/td>\n<td colspan=\"2\" width=\"644\"><strong>TABEL CU PSIHOLOGII CARE POT ELIBERA AVIZUL PENTRU<\/strong><\/td>\n<\/tr>\n<tr>\n<td width=\"48\"><strong>\u00a0<\/strong><\/td>\n<td colspan=\"2\" width=\"644\"><strong>\u00a0ASISTEN\u021aII MEDICALI CARE SE \u00ceNSCRIU \u00ceN OAMGMAMR<\/strong><\/td>\n<\/tr>\n<tr>\n<td width=\"48\"><strong>\u00a0<\/strong><\/td>\n<td width=\"278\"><strong>\u00a0<\/strong><\/td>\n<td width=\"365\"><strong>\u00a0<\/strong><\/td>\n<\/tr>\n<tr>\n<td width=\"48\"><strong>Nr. crt.<\/strong><\/td>\n<td width=\"278\"><strong>Denumirea formei de exercitare a profesiei<\/strong><\/td>\n<td width=\"365\"><strong>Sediul profesional<\/strong><\/td>\n<\/tr>\n<tr>\n<td width=\"48\"><strong>1<\/strong><\/td>\n<td width=\"278\"><strong>MATEI NICOLETA-IULIA\u00a0\u00a0\u00a0\u00a0\u00a0 Cabinet individual de psihologie<\/strong><\/td>\n<td width=\"365\">Tulcea, Str. Gloriei, nr. 26, jude\u021bul Tulcea<\/td>\n<\/tr>\n<tr>\n<td width=\"48\"><strong>2<\/strong><\/td>\n<td width=\"278\"><strong>DUMITRESCU SANDA\u00a0\u00a0\u00a0\u00a0\u00a0\u00a0\u00a0\u00a0 Cabinet individual de psihologie<\/strong><\/td>\n<td width=\"365\">Tulcea, Str. Grivi\u021bei, nr. 103A, jude\u021bul Tulcea<\/td>\n<\/tr>\n<tr>\n<td width=\"48\"><strong>3<\/strong><\/td>\n<td width=\"278\"><strong>RO\u0218U LUMINI\u021aA-MIHAELA Cabinet individual de psihologie<\/strong><\/td>\n<td width=\"365\">Tulcea, Str. Isaccei, nr. 31, bl. I 8, sc. B, ap. 1, jud. Tulcea<\/td>\n<\/tr>\n<tr>\n<td width=\"48\"><strong>4<\/strong><\/td>\n<td width=\"278\"><strong>POPA MIHAI\u00a0\u00a0\u00a0\u00a0\u00a0\u00a0\u00a0\u00a0\u00a0\u00a0\u00a0\u00a0\u00a0\u00a0\u00a0\u00a0\u00a0\u00a0\u00a0\u00a0\u00a0\u00a0\u00a0\u00a0\u00a0 Cabinet individual de psihologie<\/strong><\/td>\n<td width=\"365\">Tulcea, Str. P\u0103cii, nr. 6, jude\u021bul Tulcea<\/td>\n<\/tr>\n<tr>\n<td width=\"48\"><strong>5<\/strong><\/td>\n<td width=\"278\"><strong>MILO\u0218 SILVIA\u00a0\u00a0\u00a0\u00a0\u00a0\u00a0\u00a0\u00a0\u00a0\u00a0\u00a0\u00a0\u00a0\u00a0\u00a0\u00a0\u00a0\u00a0\u00a0\u00a0\u00a0\u00a0\u00a0\u00a0 Cabinet individual de psihologie<\/strong><\/td>\n<td width=\"365\">Tulcea, Str. 1848, nr.14, bloc ANL, sc. A, ap,8, interfon 8<\/td>\n<\/tr>\n<tr>\n<td width=\"48\"><strong>6<\/strong><\/td>\n<td width=\"278\"><strong>MERGEANI CAMELIA\u00a0\u00a0\u00a0\u00a0\u00a0\u00a0\u00a0\u00a0\u00a0 Cabinet individual de psihologie<\/strong><\/td>\n<td width=\"365\">Tulcea, Str. Unirii, nr. 2, jude\u021bul Tulcea<\/td>\n<\/tr>\n<tr>\n<td width=\"48\"><strong>7<\/strong><\/td>\n<td width=\"278\"><strong>CIOBANU IOANA \u0218I IVAN PAVEL Societate civil\u0103 profesional\u0103 de psihologie<\/strong><\/td>\n<td width=\"365\">Tulcea, Str. Babadag, nr. 4, bl. C, sc. A, et. IV, ap. 10, jude\u021bul Tulcea<\/td>\n<\/tr>\n<tr>\n<td width=\"48\"><strong>8<\/strong><\/td>\n<td width=\"278\"><strong>COJOCARU CARMEN GENI Cabinet individual de psihologie<\/strong><\/td>\n<td width=\"365\">Tulcea, Str. 1848, nr. 5, bl. 4, sc. F, parter, ap. 5, jude\u021bul Tulcea<\/td>\n<\/tr>\n<tr>\n<td width=\"48\"><strong>9<\/strong><\/td>\n<td width=\"278\"><strong>PUFLEA ALINA-VICTORI\u021aA Cabinet individual de psihologie<\/strong><\/td>\n<td width=\"365\">Tulcea, Str. Victoriei, nr. 47, bl. 10, sc. B, parter, ap. 5, jude\u021bul Tulcea<\/td>\n<\/tr>\n<tr>\n<td width=\"48\"><strong>10<\/strong><\/td>\n<td width=\"278\"><strong>TATU ADINA GEORGIANA Cabinet individual de psihologie<\/strong><\/td>\n<td width=\"365\">Tulcea, Str. Slt. Gavrilov Corneliu, nr. 174, bl. A 8, sc. B, parter, ap. 2, jude\u021bul Tulcea<\/td>\n<\/tr>\n<tr>\n<td width=\"48\"><strong>11<\/strong><\/td>\n<td width=\"278\"><strong>\u021aUGUI ANTONIA\u00a0\u00a0\u00a0\u00a0\u00a0\u00a0\u00a0\u00a0\u00a0\u00a0\u00a0\u00a0\u00a0\u00a0\u00a0\u00a0\u00a0\u00a0 Cabinet individual\u00a0 de psihologie<\/strong><\/td>\n<td width=\"365\">Tulcea, Str. Slt. Gavrilov Corneliu, nr. 170, bl. A 4, sc. B, parter, ap. 1, jude\u021bul Tulcea<\/td>\n<\/tr>\n<\/tbody>\n<\/table>\n<\/li>\n<\/ul>\n<p>La primirea \u00een Ordinul Asisten\u0163ilor Medicali Generali\u015fti, Moa\u015felor \u015fi Asisten\u0163ilor Medicali din Rom\u00e2nia, asistentul medical generalist, moa\u015fa \u015fi respectiv asistentul medical vor depune jur\u0103m\u00e2ntul.<\/p>\n<\/div>\n<\/div>\n<\/div>\n<\/div>\n<\/div>\n<\/div>\n<div class=\"vc_row wpb_row vc_row-fluid\">\n<div class=\"wpb_column vc_column_container vc_col-sm-6\">\n<div class=\"vc_column-inner\">\n<div class=\"wpb_wrapper\"><\/div>\n<\/div>\n<\/div>\n<\/div>\n<\/div>\n<\/div>\n<\/div>\n<\/div>\n<p>[\/vc_column_text][\/vc_column][vc_column width=&#8221;1\/3&#8243;][vc_empty_space height=&#8221;102px&#8221;][vc_single_image image=&#8221;234&#8243; img_size=&#8221;large&#8221; alignment=&#8221;center&#8221;][vc_empty_space height=&#8221;62px&#8221;][\/vc_column][\/vc_row][vc_row][vc_column][vc_hoverbox image=&#8221;177&#8243; primary_title=&#8221;&#8221; hover_title=&#8221;Jur\u0103m\u00e2ntul profesional&#8221;]<\/p>\n<h5>\u201c\u00cen numele Vie\u0163ii \u015fi al Onoarei,<br \/>\nJur s\u0103 \u00eemi exercit profesia cu demnitate, s\u0103 respect fiin\u0163a uman\u0103 \u015fi drepturile sale \u015fi s\u0103 p\u0103strez secretul profesional.<br \/>\nJur c\u0103 nu voi \u00eeng\u0103dui s\u0103 se interpun\u0103 \u00eentre datoria mea \u015fi pacient considera\u0163ii de na\u0163ionalitate, ras\u0103, religie, apartenen\u0163\u0103 politic\u0103 sau stare social\u0103.<br \/>\nVoi p\u0103stra respectul deplin pentru via\u0163a uman\u0103 chiar sub amenin\u0163are \u015fi nu voi utiliza cuno\u015ftin\u0163ele mele medicale contrar legilor umanit\u0103\u0163ii.<br \/>\nFac acest jur\u0103m\u00e2nt \u00een mod solemn \u015fi liber!\u201d<\/h5>\n<p>[\/vc_hoverbox][\/vc_column][\/vc_row]<\/p>\n","protected":false},"excerpt":{"rendered":"<p>[vc_row][vc_column width=&#8221;2\/3&#8243;][vc_column_text] Acte necesare eliber\u0103rii certificatului de membru Conform OUG 144\/2008 privind exercitarea profesiei de asistent medical generalist, moa\u015f\u0103 \u015fi asistent medical, precum \u015fi organizarea \u015fi<span class=\"excerpt-hellip\"> [\u2026]<\/span><\/p>\n","protected":false},"author":1,"featured_media":0,"parent":0,"menu_order":0,"comment_status":"closed","ping_status":"closed","template":"","meta":{"footnotes":""},"class_list":["post-232","page","type-page","status-publish","hentry"],"yoast_head":"<!-- This site is optimized with the Yoast SEO plugin v23.3 - https:\/\/yoast.com\/wordpress\/plugins\/seo\/ -->\n<title>Certificatul de membru - OAMGMAMR Filiala Tulcea<\/title>\n<meta name=\"robots\" content=\"index, follow, max-snippet:-1, max-image-preview:large, max-video-preview:-1\" \/>\n<link rel=\"canonical\" href=\"https:\/\/oamgmamr-tulcea.ro\/index.php\/certificatul-de-membru\/\" \/>\n<meta property=\"og:locale\" content=\"ro_RO\" \/>\n<meta property=\"og:type\" content=\"article\" \/>\n<meta property=\"og:title\" content=\"Certificatul de membru - OAMGMAMR Filiala Tulcea\" \/>\n<meta property=\"og:description\" content=\"[vc_row][vc_column width=&#8221;2\/3&#8243;][vc_column_text] Acte necesare eliber\u0103rii certificatului de membru Conform OUG 144\/2008 privind exercitarea profesiei de asistent medical generalist, moa\u015f\u0103 \u015fi asistent medical, precum \u015fi organizarea \u015fi [\u2026]\" \/>\n<meta property=\"og:url\" content=\"https:\/\/oamgmamr-tulcea.ro\/index.php\/certificatul-de-membru\/\" \/>\n<meta property=\"og:site_name\" content=\"OAMGMAMR Filiala Tulcea\" \/>\n<meta property=\"article:modified_time\" content=\"2025-09-11T17:10:26+00:00\" \/>\n<meta name=\"twitter:card\" content=\"summary_large_image\" \/>\n<meta name=\"twitter:label1\" content=\"Timp estimat pentru citire\" \/>\n\t<meta name=\"twitter:data1\" content=\"3 minute\" \/>\n<script type=\"application\/ld+json\" class=\"yoast-schema-graph\">{\"@context\":\"https:\/\/schema.org\",\"@graph\":[{\"@type\":\"WebPage\",\"@id\":\"https:\/\/oamgmamr-tulcea.ro\/index.php\/certificatul-de-membru\/\",\"url\":\"https:\/\/oamgmamr-tulcea.ro\/index.php\/certificatul-de-membru\/\",\"name\":\"Certificatul de membru - OAMGMAMR Filiala Tulcea\",\"isPartOf\":{\"@id\":\"https:\/\/oamgmamr-tulcea.ro\/#website\"},\"datePublished\":\"2020-02-02T18:03:14+00:00\",\"dateModified\":\"2025-09-11T17:10:26+00:00\",\"breadcrumb\":{\"@id\":\"https:\/\/oamgmamr-tulcea.ro\/index.php\/certificatul-de-membru\/#breadcrumb\"},\"inLanguage\":\"ro-RO\",\"potentialAction\":[{\"@type\":\"ReadAction\",\"target\":[\"https:\/\/oamgmamr-tulcea.ro\/index.php\/certificatul-de-membru\/\"]}]},{\"@type\":\"BreadcrumbList\",\"@id\":\"https:\/\/oamgmamr-tulcea.ro\/index.php\/certificatul-de-membru\/#breadcrumb\",\"itemListElement\":[{\"@type\":\"ListItem\",\"position\":1,\"name\":\"Prima pagin\u0103\",\"item\":\"https:\/\/oamgmamr-tulcea.ro\/\"},{\"@type\":\"ListItem\",\"position\":2,\"name\":\"Certificatul de membru\"}]},{\"@type\":\"WebSite\",\"@id\":\"https:\/\/oamgmamr-tulcea.ro\/#website\",\"url\":\"https:\/\/oamgmamr-tulcea.ro\/\",\"name\":\"OAMGMAMR Filiala Tulcea\",\"description\":\"OAMR Filiala Tulcea\",\"potentialAction\":[{\"@type\":\"SearchAction\",\"target\":{\"@type\":\"EntryPoint\",\"urlTemplate\":\"https:\/\/oamgmamr-tulcea.ro\/?s={search_term_string}\"},\"query-input\":\"required name=search_term_string\"}],\"inLanguage\":\"ro-RO\"}]}<\/script>\n<!-- \/ Yoast SEO plugin. -->","yoast_head_json":{"title":"Certificatul de membru - OAMGMAMR Filiala Tulcea","robots":{"index":"index","follow":"follow","max-snippet":"max-snippet:-1","max-image-preview":"max-image-preview:large","max-video-preview":"max-video-preview:-1"},"canonical":"https:\/\/oamgmamr-tulcea.ro\/index.php\/certificatul-de-membru\/","og_locale":"ro_RO","og_type":"article","og_title":"Certificatul de membru - OAMGMAMR Filiala Tulcea","og_description":"[vc_row][vc_column width=&#8221;2\/3&#8243;][vc_column_text] Acte necesare eliber\u0103rii certificatului de membru Conform OUG 144\/2008 privind exercitarea profesiei de asistent medical generalist, moa\u015f\u0103 \u015fi asistent medical, precum \u015fi organizarea \u015fi [\u2026]","og_url":"https:\/\/oamgmamr-tulcea.ro\/index.php\/certificatul-de-membru\/","og_site_name":"OAMGMAMR Filiala Tulcea","article_modified_time":"2025-09-11T17:10:26+00:00","twitter_card":"summary_large_image","twitter_misc":{"Timp estimat pentru citire":"3 minute"},"schema":{"@context":"https:\/\/schema.org","@graph":[{"@type":"WebPage","@id":"https:\/\/oamgmamr-tulcea.ro\/index.php\/certificatul-de-membru\/","url":"https:\/\/oamgmamr-tulcea.ro\/index.php\/certificatul-de-membru\/","name":"Certificatul de membru - OAMGMAMR Filiala Tulcea","isPartOf":{"@id":"https:\/\/oamgmamr-tulcea.ro\/#website"},"datePublished":"2020-02-02T18:03:14+00:00","dateModified":"2025-09-11T17:10:26+00:00","breadcrumb":{"@id":"https:\/\/oamgmamr-tulcea.ro\/index.php\/certificatul-de-membru\/#breadcrumb"},"inLanguage":"ro-RO","potentialAction":[{"@type":"ReadAction","target":["https:\/\/oamgmamr-tulcea.ro\/index.php\/certificatul-de-membru\/"]}]},{"@type":"BreadcrumbList","@id":"https:\/\/oamgmamr-tulcea.ro\/index.php\/certificatul-de-membru\/#breadcrumb","itemListElement":[{"@type":"ListItem","position":1,"name":"Prima pagin\u0103","item":"https:\/\/oamgmamr-tulcea.ro\/"},{"@type":"ListItem","position":2,"name":"Certificatul de membru"}]},{"@type":"WebSite","@id":"https:\/\/oamgmamr-tulcea.ro\/#website","url":"https:\/\/oamgmamr-tulcea.ro\/","name":"OAMGMAMR Filiala Tulcea","description":"OAMR Filiala Tulcea","potentialAction":[{"@type":"SearchAction","target":{"@type":"EntryPoint","urlTemplate":"https:\/\/oamgmamr-tulcea.ro\/?s={search_term_string}"},"query-input":"required name=search_term_string"}],"inLanguage":"ro-RO"}]}},"_links":{"self":[{"href":"https:\/\/oamgmamr-tulcea.ro\/index.php\/wp-json\/wp\/v2\/pages\/232"}],"collection":[{"href":"https:\/\/oamgmamr-tulcea.ro\/index.php\/wp-json\/wp\/v2\/pages"}],"about":[{"href":"https:\/\/oamgmamr-tulcea.ro\/index.php\/wp-json\/wp\/v2\/types\/page"}],"author":[{"embeddable":true,"href":"https:\/\/oamgmamr-tulcea.ro\/index.php\/wp-json\/wp\/v2\/users\/1"}],"replies":[{"embeddable":true,"href":"https:\/\/oamgmamr-tulcea.ro\/index.php\/wp-json\/wp\/v2\/comments?post=232"}],"version-history":[{"count":17,"href":"https:\/\/oamgmamr-tulcea.ro\/index.php\/wp-json\/wp\/v2\/pages\/232\/revisions"}],"predecessor-version":[{"id":551,"href":"https:\/\/oamgmamr-tulcea.ro\/index.php\/wp-json\/wp\/v2\/pages\/232\/revisions\/551"}],"wp:attachment":[{"href":"https:\/\/oamgmamr-tulcea.ro\/index.php\/wp-json\/wp\/v2\/media?parent=232"}],"curies":[{"name":"wp","href":"https:\/\/api.w.org\/{rel}","templated":true}]}}