{"id":195,"date":"2020-02-02T16:48:05","date_gmt":"2020-02-02T16:48:05","guid":{"rendered":"https:\/\/oamgmamr-tulcea.ro\/?page_id=195"},"modified":"2020-02-02T16:48:06","modified_gmt":"2020-02-02T16:48:06","slug":"structura-de-conducere","status":"publish","type":"page","link":"https:\/\/oamgmamr-tulcea.ro\/index.php\/structura-de-conducere\/","title":{"rendered":"Structura de conducere"},"content":{"rendered":"\n<h3 class=\"wp-block-heading\">Structura de conducere central\u0103<\/h3>\n\n\n\n<p>Activitatea Ordinului Asisten\u0163ilor Medicali Generali\u015fti, Moa\u015felor \u015fi Asisten\u0163ilor Medicali din Rom\u00e2nia este coordonat\u0103 \u00eentre sesiunile Consiliului na\u0163ional de Biroul executiv.<\/p>\n\n\n\n<p><strong>Biroul executiv al Ordinului Asisten\u0163ilor Medicali Medicali Generali\u015fti, Moa\u015felor \u015fi Asisten\u0163ilor Medicali din Rom\u00e2nia (OAMGMAMR)<\/strong><\/p>\n\n\n\n<figure class=\"wp-block-table\"><table class=\"\"><tbody><tr><td><strong>BIROUL EXECUTIV<\/strong><br><strong>Pre\u015fedinte:&nbsp;<\/strong>Timofte Mircea<\/td><\/tr><tr><td><strong>VICEPRE\u0218EDIN\u021aI<\/strong>Mazilu DoinaTotorean VioricaBuiga EmilSpatariu Viorel&nbsp;<\/td><\/tr><tr><td><strong>SECRETAR NA\u021aIONAL<\/strong>Benga Florina<\/td><\/tr><\/tbody><\/table><\/figure>\n","protected":false},"excerpt":{"rendered":"<p>Structura de conducere central\u0103 Activitatea Ordinului Asisten\u0163ilor Medicali Generali\u015fti, Moa\u015felor \u015fi Asisten\u0163ilor Medicali din Rom\u00e2nia este coordonat\u0103 \u00eentre sesiunile Consiliului na\u0163ional de Biroul executiv. Biroul executiv<span class=\"excerpt-hellip\"> [\u2026]<\/span><\/p>\n","protected":false},"author":1,"featured_media":0,"parent":0,"menu_order":0,"comment_status":"closed","ping_status":"closed","template":"","meta":{"footnotes":""},"class_list":["post-195","page","type-page","status-publish","hentry"],"yoast_head":"<!-- This site is optimized with the Yoast SEO plugin v23.3 - https:\/\/yoast.com\/wordpress\/plugins\/seo\/ -->\n<title>Structura de conducere - OAMGMAMR Filiala Tulcea<\/title>\n<meta name=\"robots\" content=\"index, follow, max-snippet:-1, max-image-preview:large, max-video-preview:-1\" \/>\n<link rel=\"canonical\" href=\"https:\/\/oamgmamr-tulcea.ro\/index.php\/structura-de-conducere\/\" \/>\n<meta property=\"og:locale\" content=\"ro_RO\" \/>\n<meta property=\"og:type\" content=\"article\" \/>\n<meta property=\"og:title\" content=\"Structura de conducere - OAMGMAMR Filiala Tulcea\" \/>\n<meta property=\"og:description\" content=\"Structura de conducere central\u0103 Activitatea Ordinului Asisten\u0163ilor Medicali Generali\u015fti, Moa\u015felor \u015fi Asisten\u0163ilor Medicali din Rom\u00e2nia este coordonat\u0103 \u00eentre sesiunile Consiliului na\u0163ional de Biroul executiv. Biroul executiv [\u2026]\" \/>\n<meta property=\"og:url\" content=\"https:\/\/oamgmamr-tulcea.ro\/index.php\/structura-de-conducere\/\" \/>\n<meta property=\"og:site_name\" content=\"OAMGMAMR Filiala Tulcea\" \/>\n<meta property=\"article:modified_time\" content=\"2020-02-02T16:48:06+00:00\" \/>\n<meta name=\"twitter:card\" content=\"summary_large_image\" \/>\n<script type=\"application\/ld+json\" class=\"yoast-schema-graph\">{\"@context\":\"https:\/\/schema.org\",\"@graph\":[{\"@type\":\"WebPage\",\"@id\":\"https:\/\/oamgmamr-tulcea.ro\/index.php\/structura-de-conducere\/\",\"url\":\"https:\/\/oamgmamr-tulcea.ro\/index.php\/structura-de-conducere\/\",\"name\":\"Structura de conducere - OAMGMAMR Filiala Tulcea\",\"isPartOf\":{\"@id\":\"https:\/\/oamgmamr-tulcea.ro\/#website\"},\"datePublished\":\"2020-02-02T16:48:05+00:00\",\"dateModified\":\"2020-02-02T16:48:06+00:00\",\"breadcrumb\":{\"@id\":\"https:\/\/oamgmamr-tulcea.ro\/index.php\/structura-de-conducere\/#breadcrumb\"},\"inLanguage\":\"ro-RO\",\"potentialAction\":[{\"@type\":\"ReadAction\",\"target\":[\"https:\/\/oamgmamr-tulcea.ro\/index.php\/structura-de-conducere\/\"]}]},{\"@type\":\"BreadcrumbList\",\"@id\":\"https:\/\/oamgmamr-tulcea.ro\/index.php\/structura-de-conducere\/#breadcrumb\",\"itemListElement\":[{\"@type\":\"ListItem\",\"position\":1,\"name\":\"Prima pagin\u0103\",\"item\":\"https:\/\/oamgmamr-tulcea.ro\/\"},{\"@type\":\"ListItem\",\"position\":2,\"name\":\"Structura de conducere\"}]},{\"@type\":\"WebSite\",\"@id\":\"https:\/\/oamgmamr-tulcea.ro\/#website\",\"url\":\"https:\/\/oamgmamr-tulcea.ro\/\",\"name\":\"OAMGMAMR Filiala Tulcea\",\"description\":\"OAMR Filiala Tulcea\",\"potentialAction\":[{\"@type\":\"SearchAction\",\"target\":{\"@type\":\"EntryPoint\",\"urlTemplate\":\"https:\/\/oamgmamr-tulcea.ro\/?s={search_term_string}\"},\"query-input\":\"required name=search_term_string\"}],\"inLanguage\":\"ro-RO\"}]}<\/script>\n<!-- \/ Yoast SEO plugin. -->","yoast_head_json":{"title":"Structura de conducere - OAMGMAMR Filiala Tulcea","robots":{"index":"index","follow":"follow","max-snippet":"max-snippet:-1","max-image-preview":"max-image-preview:large","max-video-preview":"max-video-preview:-1"},"canonical":"https:\/\/oamgmamr-tulcea.ro\/index.php\/structura-de-conducere\/","og_locale":"ro_RO","og_type":"article","og_title":"Structura de conducere - OAMGMAMR Filiala Tulcea","og_description":"Structura de conducere central\u0103 Activitatea Ordinului Asisten\u0163ilor Medicali Generali\u015fti, Moa\u015felor \u015fi Asisten\u0163ilor Medicali din Rom\u00e2nia este coordonat\u0103 \u00eentre sesiunile Consiliului na\u0163ional de Biroul executiv. Biroul executiv [\u2026]","og_url":"https:\/\/oamgmamr-tulcea.ro\/index.php\/structura-de-conducere\/","og_site_name":"OAMGMAMR Filiala Tulcea","article_modified_time":"2020-02-02T16:48:06+00:00","twitter_card":"summary_large_image","schema":{"@context":"https:\/\/schema.org","@graph":[{"@type":"WebPage","@id":"https:\/\/oamgmamr-tulcea.ro\/index.php\/structura-de-conducere\/","url":"https:\/\/oamgmamr-tulcea.ro\/index.php\/structura-de-conducere\/","name":"Structura de conducere - OAMGMAMR Filiala Tulcea","isPartOf":{"@id":"https:\/\/oamgmamr-tulcea.ro\/#website"},"datePublished":"2020-02-02T16:48:05+00:00","dateModified":"2020-02-02T16:48:06+00:00","breadcrumb":{"@id":"https:\/\/oamgmamr-tulcea.ro\/index.php\/structura-de-conducere\/#breadcrumb"},"inLanguage":"ro-RO","potentialAction":[{"@type":"ReadAction","target":["https:\/\/oamgmamr-tulcea.ro\/index.php\/structura-de-conducere\/"]}]},{"@type":"BreadcrumbList","@id":"https:\/\/oamgmamr-tulcea.ro\/index.php\/structura-de-conducere\/#breadcrumb","itemListElement":[{"@type":"ListItem","position":1,"name":"Prima pagin\u0103","item":"https:\/\/oamgmamr-tulcea.ro\/"},{"@type":"ListItem","position":2,"name":"Structura de conducere"}]},{"@type":"WebSite","@id":"https:\/\/oamgmamr-tulcea.ro\/#website","url":"https:\/\/oamgmamr-tulcea.ro\/","name":"OAMGMAMR Filiala Tulcea","description":"OAMR Filiala Tulcea","potentialAction":[{"@type":"SearchAction","target":{"@type":"EntryPoint","urlTemplate":"https:\/\/oamgmamr-tulcea.ro\/?s={search_term_string}"},"query-input":"required name=search_term_string"}],"inLanguage":"ro-RO"}]}},"_links":{"self":[{"href":"https:\/\/oamgmamr-tulcea.ro\/index.php\/wp-json\/wp\/v2\/pages\/195"}],"collection":[{"href":"https:\/\/oamgmamr-tulcea.ro\/index.php\/wp-json\/wp\/v2\/pages"}],"about":[{"href":"https:\/\/oamgmamr-tulcea.ro\/index.php\/wp-json\/wp\/v2\/types\/page"}],"author":[{"embeddable":true,"href":"https:\/\/oamgmamr-tulcea.ro\/index.php\/wp-json\/wp\/v2\/users\/1"}],"replies":[{"embeddable":true,"href":"https:\/\/oamgmamr-tulcea.ro\/index.php\/wp-json\/wp\/v2\/comments?post=195"}],"version-history":[{"count":1,"href":"https:\/\/oamgmamr-tulcea.ro\/index.php\/wp-json\/wp\/v2\/pages\/195\/revisions"}],"predecessor-version":[{"id":196,"href":"https:\/\/oamgmamr-tulcea.ro\/index.php\/wp-json\/wp\/v2\/pages\/195\/revisions\/196"}],"wp:attachment":[{"href":"https:\/\/oamgmamr-tulcea.ro\/index.php\/wp-json\/wp\/v2\/media?parent=195"}],"curies":[{"name":"wp","href":"https:\/\/api.w.org\/{rel}","templated":true}]}}