{"id":192,"date":"2020-02-02T16:39:52","date_gmt":"2020-02-02T16:39:52","guid":{"rendered":"https:\/\/oamgmamr-tulcea.ro\/?page_id=192"},"modified":"2020-02-02T16:47:27","modified_gmt":"2020-02-02T16:47:27","slug":"filialele-judetene-ale-oamgmamr","status":"publish","type":"page","link":"https:\/\/oamgmamr-tulcea.ro\/index.php\/filialele-judetene-ale-oamgmamr\/","title":{"rendered":"Filialele jude\u021bene ale OAMGMAMR"},"content":{"rendered":"\n<h3 class=\"wp-block-heading\">Filiala Alba<\/h3>\n\n\n\n<p><strong>Pre\u015fedinte:<\/strong>&nbsp;INDREICA GRATIELA DANA<br><strong>Adresa:<\/strong>&nbsp;Str. Tudor Vladimirescu, nr. 26, et. 2, cod potal 510095Loc. Alba-Iulia, Jud. Alba<br><strong>Telefon:<\/strong>&nbsp;0258\/830 570, 0258\/830570<br><strong>Email:&nbsp;<\/strong>oammr_ab@yahoo.com<\/p>\n\n\n\n<h3 class=\"wp-block-heading\">Filiala Arad<\/h3>\n\n\n\n<p><strong>Pre\u015fedinte:<\/strong>&nbsp;BALAN MIRELA ANICA<br><strong>Adresa:&nbsp;<\/strong>Pia\u021ba Mihai Viteazu nr. 7, loc. Arad, jud. ARAD (\u00een incinta Spitalului Municipal)<br><strong>Telefon:<\/strong>&nbsp;0257\/338 460, 0257\/338 460<br><strong>Email:<\/strong>&nbsp;balanmia@yahoo.com<br><strong>Web:&nbsp;<\/strong><a href=\"http:\/\/www.oamgmamr-arad.ro\/\" target=\"_blank\" rel=\"noreferrer noopener\">www.oamgmamr-arad.ro<\/a><\/p>\n\n\n\n<h3 class=\"wp-block-heading\">Filiala Arge\u015f<\/h3>\n\n\n\n<p><strong>Pre\u015fedinte:<\/strong>&nbsp;Ambru\u015f Estera<br><strong>Adresa:<\/strong>&nbsp;Str.&nbsp;Victoriei nr.57, Pite\u0219ti, Jud. Arge\u0219<br><strong>Telefon:<\/strong>&nbsp;0348\/401 082<br><strong>Email:<\/strong>&nbsp;oammr_arges@yahoo.com<br><strong>Web:<\/strong>&nbsp;<a href=\"http:\/\/www.oammr-arges.ro\/\" target=\"_blank\" rel=\"noreferrer noopener\">www.oammr-arges.ro<\/a><\/p>\n\n\n\n<h3 class=\"wp-block-heading\">Filiala Bac\u0103u<\/h3>\n\n\n\n<p><strong>Pre\u015fedinte:<\/strong>&nbsp;Chicea Minodora<br><strong>Adresa:<\/strong>&nbsp;Str. Razboieni nr. 11, bl. B, apt. 6, Loc. Bacau, Jud. BACAU<br><strong>Telefon:<\/strong>&nbsp;0234\/518 720<br><strong>Email:<\/strong>&nbsp;minodorachicea@yahoo.com<br><strong>Web:<\/strong>&nbsp;<a href=\"http:\/\/www.oammr-bacau.go.ro\/\" target=\"_blank\" rel=\"noreferrer noopener\">www.oammr-bacau.go.ro<\/a><\/p>\n\n\n\n<h3 class=\"wp-block-heading\">Filiala Bihor<\/h3>\n\n\n\n<p><strong>Pre\u015fedinte:<\/strong>&nbsp;Busuiog Iuliana<br><strong>Adresa:<\/strong>&nbsp;Str. Grigore Moisil nr. 8, sc. B, et. 1, apt. 11, loc. Oradea, Jud. Bihor<br><strong>Telefon:<\/strong>&nbsp;0359\/191960<br><strong>Email:<\/strong>&nbsp;oammrbh@yahoo.com<\/p>\n\n\n\n<h3 class=\"wp-block-heading\">Filiala Bistri\u0163a-N\u0103s\u0103ud<\/h3>\n\n\n\n<p><strong>Pre\u015fedinte:<\/strong>&nbsp;MU\u015eIN\u0102 CRISTINA ANGELA<br><strong>Adresa:<\/strong>&nbsp;Str. Alba-Iulia nr. 7, loc. Bistrita, Jud. BISTRITA-NASAUD<br><strong>Telefon:<\/strong>&nbsp;0263\/233 031<br><strong>Email:<\/strong>&nbsp;bistrita_oammr@yahoo.com<br><strong>Web:<\/strong>&nbsp;<a href=\"http:\/\/bn.oamr.ro\/\" target=\"_blank\" rel=\"noreferrer noopener\">http:\/\/bn.oamr.ro\/<\/a><\/p>\n\n\n\n<h3 class=\"wp-block-heading\">Filiala Boto\u015fani<\/h3>\n\n\n\n<p><strong>Pre\u015fedinte:<\/strong>&nbsp;Spatariu Viorel<br><strong>Adresa:<\/strong>&nbsp;Str. Marchian, nr. 11 (Spitalul Jude\u0163ean), Boto\u015fani<br><strong>Telefon:<\/strong>&nbsp;0231\/531.313<br><strong>Email:<\/strong>&nbsp;oammrbt@yahoo.com<br><strong>Web:<\/strong>&nbsp;<a href=\"http:\/\/www.oamrbotosani.ro\/\" target=\"_blank\" rel=\"noreferrer noopener\">www.oamrbotosani.ro<\/a><\/p>\n\n\n\n<h3 class=\"wp-block-heading\">Filiala Br\u0103ila<\/h3>\n\n\n\n<p><strong>Pre\u015fedinte:<\/strong>&nbsp;Preda Mariana<br><strong>Adresa:<\/strong>&nbsp;Str. Grivi\u0163a, nr. 82, Br\u0103ila<br><strong>Telefon:<\/strong>&nbsp;0239\/611.863<br><strong>Email:<\/strong>&nbsp;oammr_braila@yahoo.com<\/p>\n\n\n\n<h3 class=\"wp-block-heading\">Filiala Bra\u015fov<\/h3>\n\n\n\n<p><strong>Pre\u015fedinte:<\/strong>&nbsp;BENGA FLORINA<br><strong>Adresa:<\/strong>&nbsp;Str. Aurel Vlaicu, nr. 41, Bra\u0219ov<br><strong>Telefon:<\/strong>&nbsp;(0368) 436.019<\/p>\n\n\n\n<p><strong>Fax:<\/strong>&nbsp;(0368) 436.041<\/p>\n\n\n\n<p><strong>Email:<\/strong>&nbsp;office@oammrbv.ro<\/p>\n\n\n\n<p><strong>Web:<\/strong>&nbsp;https:\/\/oammrbv.ro\/<\/p>\n\n\n\n<h3 class=\"wp-block-heading\">Filiala Bucure\u015fti<\/h3>\n\n\n\n<p><strong>Pre\u015fedinte:<\/strong>&nbsp;Mazilu Doina Carmen<br><strong>Adresa:<\/strong>&nbsp;Str. Avrig nr. 12, etaj 1, sector 2, Bucure\u0219ti<br><strong>Telefon:<\/strong>&nbsp;021\/444.10.68, 021\/444 21 71<br><strong>Email:<\/strong>&nbsp;secretariat@oammrbuc.ro<br><strong>Web:<\/strong>&nbsp;<a href=\"http:\/\/www.oammrbuc.ro\/\" target=\"_blank\" rel=\"noreferrer noopener\">www.oammrbuc.ro<\/a><\/p>\n\n\n\n<h3 class=\"wp-block-heading\">Filiala Buz\u0103u<\/h3>\n\n\n\n<p><strong>Pre\u015fedinte:<\/strong>&nbsp;COMANESCU ELENA<br><strong>Adresa:<\/strong>&nbsp;Str. Mesteac\u0103nului, nr. 6, Buz\u0103u<br><strong>Telefon:<\/strong>&nbsp;0238\/726 632 &nbsp;<strong>Fax<\/strong>. 0338\/115 239<\/p>\n\n\n\n<p><strong>Email:<\/strong>&nbsp;info@oammr-buzau.ro<\/p>\n\n\n\n<p><strong>Web:<\/strong><a href=\"http:\/\/www.oammr-buzau.ro\/\" target=\"_blank\" rel=\"noreferrer noopener\">www.oammr-buzau.ro<\/a><\/p>\n\n\n\n<h3 class=\"wp-block-heading\">Filiala C\u0103l\u0103ra\u015fi<\/h3>\n\n\n\n<p><strong>Pre\u015fedinte:<\/strong>&nbsp;\u015etefan Eftimie Stelu\u0163a<br><strong>Adresa:<\/strong>&nbsp;Str. Progresului bl. BBB, Loc. Calarasi, Jud. CALARASI<br><strong>Telefon:<\/strong>&nbsp;0242\/315 343, 0242\/315 343<br><strong>Email:<\/strong>&nbsp;misdspcl@yahoo.com<br><strong>Web:<\/strong>&nbsp;<a href=\"http:\/\/www.oamrcl.ro\/\" target=\"_blank\" rel=\"noreferrer noopener\">www.oamrcl.ro<\/a><\/p>\n\n\n\n<h3 class=\"wp-block-heading\">Filiala Cara\u015f-Severin<\/h3>\n\n\n\n<p><strong>Pre\u015fedinte:<\/strong>&nbsp;Maria Iovanovici<br><strong>Adresa:<\/strong>&nbsp;Str. Sportului nr. 5, bl. 5, sc. 3, ap. 2, Re\u015fi\u0163a<br><strong>Telefon:<\/strong>&nbsp;0355\/417.338<br><strong>Email:<\/strong>&nbsp;oammr_cs@yahoo.com<br><strong>Web:&nbsp;<a href=\"http:\/\/www.oamgmamr-cs.ro\/\" target=\"_blank\" rel=\"noreferrer noopener\">http:\/\/www.oamgmamr-cs.ro\/<\/a><\/strong><\/p>\n\n\n\n<h3 class=\"wp-block-heading\">Filiala Cluj<\/h3>\n\n\n\n<p><strong>Pre\u015fedinte:<\/strong>&nbsp;Emil Olimpiu Buiga<br><strong>Adresa:<\/strong>&nbsp;Str. Ilie M\u0103celaru, nr.32, Cluj<br><strong>Telefon:<\/strong>&nbsp; 0264\/532 101 fax. 0264\/487058<br><strong>Email:<\/strong>&nbsp;web@oammr-cluj.ro<br><strong>Web:<\/strong>&nbsp;<a href=\"http:\/\/www.oamr-cluj.ro\/\" target=\"_blank\" rel=\"noreferrer noopener\">www.oamr-cluj.ro<\/a><\/p>\n\n\n\n<h3 class=\"wp-block-heading\">Filiala Constan\u0163a<\/h3>\n\n\n\n<p><strong>Adresa:<\/strong>&nbsp;Str. Mihai Viteazu nr. 81, Constan\u0163a<br><strong>Telefon:<\/strong>&nbsp;0241.660.455<br><strong>Email:<\/strong>&nbsp;oamr_cta2004@yahoo.com<br><strong>Web:<\/strong>&nbsp;<a href=\"http:\/\/www.oamgmamr-constanta.ro\/\" target=\"_blank\" rel=\"noreferrer noopener\">www.oamgmamr-constanta.ro<\/a><\/p>\n\n\n\n<h3 class=\"wp-block-heading\">Filiala Covasna<\/h3>\n\n\n\n<p><strong>Pre\u015fedinte:&nbsp;<\/strong>SZEBENI NORBERT<br><strong>Adresa:<\/strong>&nbsp;Bulevard General Grigore B\u0103lan, nr. 1, cam. 14, Sf\u00e2ntu Gheorghe, Jude\u021bul Covasna<br>Tel\/Fax : 0267-310141 (Secretariat)<br><strong>E-mail:<\/strong><br><a href=\"mailto:cv-secretariat@oamr.ro\">cv-secretariat@oamr.ro<\/a><br><a href=\"mailto:norbert.szebeni@cv.oamr.ro\">norbert.szebeni@cv.oamr.ro<\/a><br><strong>Web:&nbsp;<\/strong><a href=\"http:\/\/www.oammr-cv.ro\/\" target=\"_blank\" rel=\"noreferrer noopener\">www.oammr-cv.ro<\/a><\/p>\n\n\n\n<h3 class=\"wp-block-heading\">Filiala D\u00e2mbovi\u0163a<\/h3>\n\n\n\n<p><strong>Pre\u015fedinte:<\/strong>&nbsp;Moraru Florin Costin<br><strong>Adresa:<\/strong>&nbsp;Str. Tudor Vladimirescu nr. 34 A, etaj 3, T\u00e2rgovi\u015fte<br><strong>Telefon:<\/strong>&nbsp;0245.211.501<br><strong>Email:<\/strong>&nbsp;oammr_dambovita@yahoo.com<\/p>\n\n\n\n<h3 class=\"wp-block-heading\">Filiala Dolj<\/h3>\n\n\n\n<p><strong>Pre\u015fedinte:<\/strong>&nbsp;Gavrilescu Florin Viorel<br><strong>Adresa:<\/strong>&nbsp;Str. Tabaci, nr. 1, Craiova<br><strong>Telefon:<\/strong>&nbsp;0251.510.700,0251\/530 115<br><strong>Email:<\/strong>&nbsp;secretar@oammrdolj.ro<br><strong>Web:<\/strong>&nbsp;<a href=\"http:\/\/www.oammrdolj.ro\/\" target=\"_blank\" rel=\"noreferrer noopener\">www.oammrdolj.ro<\/a><\/p>\n\n\n\n<h3 class=\"wp-block-heading\">Filiala Gala\u0163i<\/h3>\n\n\n\n<p><strong>Pre\u015fedinte:<\/strong>&nbsp;Artimof Daniela<\/p>\n\n\n\n<p><strong>Adresa:&nbsp;<\/strong>&nbsp;Str. Br\u0103ilei nr. 31, nivelul 2 (Centrul de Afaceri Gala\u0163i) Jud. GALATI<br><strong>Telefon:<\/strong>&nbsp;0336\/802 521, 0036\/802 522<br><strong>Email:<\/strong>&nbsp;oammr.gl@gmail.com; office@oammr-galati.ro<\/p>\n\n\n\n<p><strong>Web:<\/strong>&nbsp;<a href=\"http:\/\/www.oammr-galati.ro\/\" target=\"_blank\" rel=\"noreferrer noopener\">www.oammr-galati.ro<\/a><\/p>\n\n\n\n<h3 class=\"wp-block-heading\">Filiala Giurgiu<\/h3>\n\n\n\n<p><strong>Pre\u0219edinte- Neac\u0219u Mariana<\/strong><br>Adresa filiala: Str. Bucuresti, nr. 82, Loc. Giurgiu, Jud. Giurgiu<\/p>\n\n\n\n<p>Adresa email:&nbsp;<a href=\"mailto:oammrgiurgiu@yahoo.com\">oammrgiurgiu@yahoo.com<\/a><\/p>\n\n\n\n<p>Telefon 0246\/214.086 sau 0246\/214.086<\/p>\n\n\n\n<h3 class=\"wp-block-heading\">Filiala Gorj<\/h3>\n\n\n\n<p><strong>Pre\u015fedinte:<\/strong>&nbsp;C\u00eerstoiu Lucian<br><strong>Adresa:<\/strong>&nbsp;Str. Progresului, nr. 18, Tg. Jiu<br><strong>Telefon:<\/strong>&nbsp;0253.22.11.00<br><strong>Email:<\/strong>&nbsp;OAMMR_GORJ@YAHOO.COM<\/p>\n\n\n\n<h3 class=\"wp-block-heading\">Filiala Harghita<\/h3>\n\n\n\n<p><strong>Pre\u015fedinte:<\/strong>&nbsp;Doczy Rossler Janos<br><strong>Adresa:<\/strong>&nbsp;Str. Timi\u0219oarei nr. 53, ap. 4, Loc. Miercurea Ciuc, Hud. Harghita<br><strong>Telefon:<\/strong>&nbsp;0266\/310.743<br><strong>Email:<\/strong>&nbsp;ord.asist@oammrhr.ro<br><strong>Web:<\/strong>&nbsp;<a href=\"http:\/\/www.oammrhr.ro\/\" target=\"_blank\" rel=\"noreferrer noopener\">www.oammrhr.ro<\/a><\/p>\n\n\n\n<h3 class=\"wp-block-heading\">Filiala Hunedoara<\/h3>\n\n\n\n<p><strong>Pre\u015fedinte:<\/strong>&nbsp;Ionescu Mariana Lucia<br><strong>Adresa:<\/strong>&nbsp;Str.N. B\u0103lcescu, nr. 13, sc. I, ap. 1, Deva<br><strong>Telefon:<\/strong>&nbsp;0354\/113.456<br><strong>Email:<\/strong>&nbsp;oammr.hd@gmail.com<br><strong>Web:<\/strong>&nbsp;<a href=\"http:\/\/www.oamgmamr-hd.ro\/\" target=\"_blank\" rel=\"noreferrer noopener\">www.oamgmamr-hd.ro<\/a><\/p>\n\n\n\n<h3 class=\"wp-block-heading\">Filiala Ialomi\u0163a<\/h3>\n\n\n\n<p><strong>Pre\u015fedinte:<\/strong>&nbsp;Dumitru Florin<br><strong>Adresa:<\/strong>&nbsp;Str. Decebal, nr. 1, Slobozia<br><strong>Telefon:<\/strong>&nbsp;0243.234.980<br><strong>Email:<\/strong>&nbsp;oammr_ialomita@yahoo.com<\/p>\n\n\n\n<h3 class=\"wp-block-heading\">Filiala Ia\u015fi<\/h3>\n\n\n\n<p><strong>Pre\u015fedinte:<\/strong>&nbsp;Pintilie Liliana L\u0103cr\u0103mioara<br><strong>Adresa:<\/strong>&nbsp;Str. Morilor, nr. 22,&nbsp; Ia\u015fi<br><strong>Telefon:<\/strong>&nbsp;0232.240.695<br><strong>Email:<\/strong>&nbsp;secretar@oamr-iasi.ro<br><strong>Web:<\/strong>&nbsp;<a href=\"http:\/\/www.oamr-iasi.ro\/\" target=\"_blank\" rel=\"noreferrer noopener\">www.oamr-iasi.ro<\/a><\/p>\n\n\n\n<h3 class=\"wp-block-heading\">Filiala Ilfov<\/h3>\n\n\n\n<p><strong>Pre\u015fedinte:<\/strong>&nbsp;Florea Aurelia<br><strong>Adresa:<\/strong>&nbsp;Str. Turda nr. 123, bl. 4, sc. B,&nbsp; parter, ap. 55, sector 1, Bucure\u0219ti<br><strong>Telefon:<\/strong>&nbsp;021\/794.3141, 0744.330.526<br><strong>Email:<\/strong>&nbsp;oammr_if@yahoo.com<\/p>\n\n\n\n<p><strong>Web<\/strong>:&nbsp;<a href=\"http:\/\/if.oamr.ro\/\" target=\"_blank\" rel=\"noreferrer noopener\">http:\/\/if.oamr.ro\/<\/a><\/p>\n\n\n\n<h3 class=\"wp-block-heading\">Filiala Maramure\u015f<\/h3>\n\n\n\n<p><strong>Pre\u015fedinte:<\/strong>&nbsp;Totorean Viorica<br><strong>Adresa:<\/strong>&nbsp;Str. Progresului, nr. 19\/5, Baia-Mare<br><strong>Telefon:<\/strong>&nbsp;0362.402.178<br><strong>Email:<\/strong>&nbsp;oamrmaramures@yahoo.com<br><strong>Web:<\/strong>&nbsp;<a href=\"http:\/\/www.oamgmamr-mm.ro\/\" target=\"_blank\" rel=\"noreferrer noopener\">www.oamgmamr-mm.ro<\/a><\/p>\n\n\n\n<h3 class=\"wp-block-heading\">Filiala Mehedin\u0163i<\/h3>\n\n\n\n<p><strong>Pre\u015fedinte:<\/strong>&nbsp;Grigorescu Virgil Mihai<br><strong>Adresa:<\/strong>&nbsp;Str. Mihai Viteazu nr. 5, bl. 4, sc. 2, ap. 8, Loc. Drobeta Tr. Severin, Jud. Mehedin\u021bi<br><strong>Telefon:<\/strong>&nbsp;0252.316.690<br><strong>Email:<\/strong>&nbsp;oamrmh@home.ro<br><strong>Web:<\/strong>&nbsp;<a href=\"http:\/\/www.oammr-mh.ro\/\" target=\"_blank\" rel=\"noreferrer noopener\">www.oammr-mh.ro<\/a><\/p>\n\n\n\n<h3 class=\"wp-block-heading\">Filiala Mure\u015f<\/h3>\n\n\n\n<p><strong>Pre\u015fedinte:<\/strong>&nbsp;Kiraly Tunde<br><strong>Adresa:<\/strong>&nbsp;Str. Victor Babes, bl. 8, apt. 1, Loc. Tg-Mures, Jud. MURES<br><strong>Telefon:<\/strong>&nbsp;0265.218.395 fax. 0365.730.164<br><strong>Email:<\/strong>&nbsp;oammr_mures@yahoo.com<\/p>\n\n\n\n<h3 class=\"wp-block-heading\">Filiala Neam\u0163<\/h3>\n\n\n\n<p><strong>Pre\u015fedinte:<\/strong>&nbsp;S\u00eerbu Puiu<br><strong>Adresa:<\/strong>&nbsp;Bd. Traian nr. 1 (Spit.Jud.Urg Piatra-Neamt), cam. 124-125, Loc. Piatra Neamt, Jud. NEAMT<br><strong>Telefon:<\/strong>&nbsp;0233.224.737<br><strong>Email:<\/strong>&nbsp;oammr_neamt@yahoo.com<br><strong>Web:<\/strong>&nbsp;<a href=\"http:\/\/www.oammr-neamt.go.ro\/\" target=\"_blank\" rel=\"noreferrer noopener\">www.oammr-neamt.go.ro<\/a><\/p>\n\n\n\n<h3 class=\"wp-block-heading\">Filiala Olt<\/h3>\n\n\n\n<p><strong>Pre\u015fedinte:<\/strong>&nbsp;Liciu Emilian<br><strong>Adresa:<\/strong>&nbsp;Str. Crisan, nr. 9-11, Loc. Slatina, Judet OLT<br><strong>Telefon:<\/strong>&nbsp;0249.418.510<br><strong>Email:<\/strong>&nbsp;oammr_olt@yahoo.com<\/p>\n\n\n\n<h3 class=\"wp-block-heading\">Filiala Prahova<\/h3>\n\n\n\n<p><strong>Pre\u015fedinte:<\/strong>&nbsp;St\u0103nescu \u015etefania<br><strong>Adresa:<\/strong>&nbsp;Str. Trotu\u015f nr.4, \u015ecoala Andrei Muresanu, Loc. Ploiesti, Jud. PRAHOVA<br><strong>Telefon:<\/strong>&nbsp;0244\/520.696<\/p>\n\n\n\n<h3 class=\"wp-block-heading\">Filiala S\u0103laj<\/h3>\n\n\n\n<p><strong>Pre\u015fedinte:<\/strong>&nbsp;Mure\u015fan Rodica Maria<br><strong>Adresa:<\/strong>&nbsp;Str. Sf. Vineri, nr. 18, bl. B21, ap. 23,&nbsp; Zal\u0103u, S\u0103laj<br><strong>Telefon:<\/strong>&nbsp;0360\/101.160<br><strong>Email:<\/strong>&nbsp;secretariat@oamr-salaj.ro&nbsp; \/&nbsp; &nbsp;presedinte@oamr-salaj.ro<\/p>\n\n\n\n<h3 class=\"wp-block-heading\">Filiala Satu-Mare<\/h3>\n\n\n\n<p><strong>Pre\u015fedinte:<\/strong>&nbsp;DEMIAN CONSTANTIN<br><strong>Adresa:<\/strong>&nbsp;Str. Ha\u0219deu, nr. 16, cam. 1, Satu Mare<br><strong>Telefon:<\/strong>&nbsp;0361\/881.661<br><strong>Email:<\/strong>&nbsp;oamrsm@yahoo.com<\/p>\n\n\n\n<h3 class=\"wp-block-heading\">Filiala Sibiu<\/h3>\n\n\n\n<p><strong>Pre\u015fedinte:<\/strong>&nbsp;Grusea Valeria<br><strong>Adresa:<\/strong>&nbsp;Str. Hegel, nr. 13, Sibiu<br><strong>Telefon:<\/strong>&nbsp;0269\/212.108<br><strong>Email:<\/strong>&nbsp;oamr_sibiu@yahoo.com<br><strong>Web:<\/strong>&nbsp;<a href=\"http:\/\/www.oamr-sibiu.ro\/\" target=\"_blank\" rel=\"noreferrer noopener\">www.oamr-sibiu.ro<\/a><\/p>\n\n\n\n<h3 class=\"wp-block-heading\">Filiala Suceava<\/h3>\n\n\n\n<p><strong>Pre\u015fedinte:<\/strong>&nbsp;Cosmanciuc Lenu\u0163a<br><strong>Adresa:<\/strong>&nbsp;Str. Alexandru cel Bun nr. 24, bl. H3, sc. A, ap. 2, Suceava<br><strong>Telefon:<\/strong>&nbsp;0230.550.009<br><strong>Email:<\/strong>&nbsp;oammr_suceava@yahoo.com<br><strong>Web:<\/strong>&nbsp;<a href=\"http:\/\/www.oammr-sv.ro\/\" target=\"_blank\" rel=\"noreferrer noopener\">www.oammr-sv.ro<\/a><\/p>\n\n\n\n<h3 class=\"wp-block-heading\">Filiala Teleorman<\/h3>\n\n\n\n<p><strong>Pre\u015fedinte:<\/strong>&nbsp;Toma Sofica<br><strong>Adresa:<\/strong>&nbsp;Str. Dun\u0103rii nr. 294, bl. 915, ap. 31, sc. C, Loc. Alexandria, Jud. TELEORMAN<br><strong>Telefon:<\/strong>&nbsp;0247\/421.206<br><strong>Email:<\/strong>&nbsp;oammr_teleorman@yahoo.com<\/p>\n\n\n\n<h3 class=\"wp-block-heading\">Filiala Timi\u015f<\/h3>\n\n\n\n<p><strong>Pre\u015fedinte:<\/strong>&nbsp;S\u00e2rbu Ofelia- Aurelia<br><strong>Adresa:<\/strong>&nbsp;Str. 1 Decembrie, nr. 13, ap. 9, sc. B, Timi\u015foara<br><strong>Telefon:<\/strong>&nbsp;0256\/274.739<br><strong>Email:<\/strong>&nbsp;secretariat@oammr-timis.ro<br><strong>Web:<\/strong>&nbsp;<a href=\"http:\/\/www.oammr-timis.ro\/\" target=\"_blank\" rel=\"noreferrer noopener\">www.oammr-timis.ro<\/a><\/p>\n\n\n\n<h3 class=\"wp-block-heading\">Filiala Tulcea<\/h3>\n\n\n\n<p><strong>Pre\u015fedinte:<\/strong>&nbsp;Wagner Mariea<br><strong>Adresa:<\/strong>&nbsp;Str. Iuliu Maniu, nr. 18, ap. 2, Tulcea<br><strong>Telefon:<\/strong>&nbsp;0240\/531.813<br><strong>Email:<\/strong>&nbsp;oammrtl@yahoo.com<\/p>\n\n\n\n<h3 class=\"wp-block-heading\">Filiala V\u00e2lcea<\/h3>\n\n\n\n<p><strong>Pre\u015fedinte:<\/strong>&nbsp;Vl\u0103descu Constantin<br><strong>Adresa:<\/strong>&nbsp;Str. Mihai Viteazu, nr. 41, bl. 7, sc. C, ap. 4, R\u00e2mnicu V\u00e2lcea<br><strong>Telefon:<\/strong>&nbsp;0250\/742.547<br><strong>Email:<\/strong>&nbsp;oammrvalcea@yahoo.com<\/p>\n\n\n\n<h3 class=\"wp-block-heading\">Filiala Vaslui<\/h3>\n\n\n\n<p><strong>Pre\u015fedinte:<\/strong>&nbsp;Bl\u0103jan Elena<br><strong>Adresa:<\/strong>&nbsp;Str. Husului, nr. 159, sc. A, ap.20, Vaslui<br><strong>Telefon:<\/strong>&nbsp;0235\/322.733, 0335\/411 063<br><strong>Email:<\/strong>&nbsp;oammrvs@yahoo.ca<br><strong>Web:<\/strong>&nbsp;<a href=\"http:\/\/www.oamrvaslui.ro\/\" target=\"_blank\" rel=\"noreferrer noopener\">www.oamrvaslui.ro<\/a><\/p>\n\n\n\n<h3 class=\"wp-block-heading\">Filiala Vrancea<\/h3>\n\n\n\n<p><strong>Pre\u015fedinte:<\/strong>&nbsp;C\u00eerlan Marius Cosmin<br><strong>Adresa:<\/strong>&nbsp; Bd. G\u0103rii, nr. 14, Foc\u015fani, Vrancea<br><strong>Telefon:<\/strong>&nbsp;0237\/224.815<br><strong>Email:<\/strong>&nbsp;oammr_vrancea@yahoo.com<br><strong>Web:<\/strong>&nbsp;<a href=\"http:\/\/www.oamgmamr-vrancea.ro\/\" target=\"_blank\" rel=\"noreferrer noopener\">www.oamgmamr-vrancea.ro<\/a><\/p>\n","protected":false},"excerpt":{"rendered":"<p>Filiala Alba Pre\u015fedinte:&nbsp;INDREICA GRATIELA DANAAdresa:&nbsp;Str. Tudor Vladimirescu, nr. 26, et. 2, cod potal 510095Loc. Alba-Iulia, Jud. AlbaTelefon:&nbsp;0258\/830 570, 0258\/830570Email:&nbsp;oammr_ab@yahoo.com Filiala Arad Pre\u015fedinte:&nbsp;BALAN MIRELA ANICAAdresa:&nbsp;Pia\u021ba Mihai Viteazu<span class=\"excerpt-hellip\"> [\u2026]<\/span><\/p>\n","protected":false},"author":1,"featured_media":0,"parent":0,"menu_order":0,"comment_status":"closed","ping_status":"closed","template":"","meta":{"footnotes":""},"class_list":["post-192","page","type-page","status-publish","hentry"],"yoast_head":"<!-- This site is optimized with the Yoast SEO plugin v23.3 - https:\/\/yoast.com\/wordpress\/plugins\/seo\/ -->\n<title>Filialele jude\u021bene ale OAMGMAMR - OAMGMAMR Filiala Tulcea<\/title>\n<meta name=\"robots\" content=\"index, follow, max-snippet:-1, max-image-preview:large, max-video-preview:-1\" \/>\n<link rel=\"canonical\" href=\"https:\/\/oamgmamr-tulcea.ro\/index.php\/filialele-judetene-ale-oamgmamr\/\" \/>\n<meta property=\"og:locale\" content=\"ro_RO\" \/>\n<meta property=\"og:type\" content=\"article\" \/>\n<meta property=\"og:title\" content=\"Filialele jude\u021bene ale OAMGMAMR - OAMGMAMR Filiala Tulcea\" \/>\n<meta property=\"og:description\" content=\"Filiala Alba Pre\u015fedinte:&nbsp;INDREICA GRATIELA DANAAdresa:&nbsp;Str. Tudor Vladimirescu, nr. 26, et. 2, cod potal 510095Loc. Alba-Iulia, Jud. AlbaTelefon:&nbsp;0258\/830 570, 0258\/830570Email:&nbsp;oammr_ab@yahoo.com Filiala Arad Pre\u015fedinte:&nbsp;BALAN MIRELA ANICAAdresa:&nbsp;Pia\u021ba Mihai Viteazu [\u2026]\" \/>\n<meta property=\"og:url\" content=\"https:\/\/oamgmamr-tulcea.ro\/index.php\/filialele-judetene-ale-oamgmamr\/\" \/>\n<meta property=\"og:site_name\" content=\"OAMGMAMR Filiala Tulcea\" \/>\n<meta property=\"article:modified_time\" content=\"2020-02-02T16:47:27+00:00\" \/>\n<meta name=\"twitter:card\" content=\"summary_large_image\" \/>\n<meta name=\"twitter:label1\" content=\"Timp estimat pentru citire\" \/>\n\t<meta name=\"twitter:data1\" content=\"6 minute\" \/>\n<script type=\"application\/ld+json\" class=\"yoast-schema-graph\">{\"@context\":\"https:\/\/schema.org\",\"@graph\":[{\"@type\":\"WebPage\",\"@id\":\"https:\/\/oamgmamr-tulcea.ro\/index.php\/filialele-judetene-ale-oamgmamr\/\",\"url\":\"https:\/\/oamgmamr-tulcea.ro\/index.php\/filialele-judetene-ale-oamgmamr\/\",\"name\":\"Filialele jude\u021bene ale OAMGMAMR - OAMGMAMR Filiala Tulcea\",\"isPartOf\":{\"@id\":\"https:\/\/oamgmamr-tulcea.ro\/#website\"},\"datePublished\":\"2020-02-02T16:39:52+00:00\",\"dateModified\":\"2020-02-02T16:47:27+00:00\",\"breadcrumb\":{\"@id\":\"https:\/\/oamgmamr-tulcea.ro\/index.php\/filialele-judetene-ale-oamgmamr\/#breadcrumb\"},\"inLanguage\":\"ro-RO\",\"potentialAction\":[{\"@type\":\"ReadAction\",\"target\":[\"https:\/\/oamgmamr-tulcea.ro\/index.php\/filialele-judetene-ale-oamgmamr\/\"]}]},{\"@type\":\"BreadcrumbList\",\"@id\":\"https:\/\/oamgmamr-tulcea.ro\/index.php\/filialele-judetene-ale-oamgmamr\/#breadcrumb\",\"itemListElement\":[{\"@type\":\"ListItem\",\"position\":1,\"name\":\"Prima pagin\u0103\",\"item\":\"https:\/\/oamgmamr-tulcea.ro\/\"},{\"@type\":\"ListItem\",\"position\":2,\"name\":\"Filialele jude\u021bene ale OAMGMAMR\"}]},{\"@type\":\"WebSite\",\"@id\":\"https:\/\/oamgmamr-tulcea.ro\/#website\",\"url\":\"https:\/\/oamgmamr-tulcea.ro\/\",\"name\":\"OAMGMAMR Filiala Tulcea\",\"description\":\"OAMR Filiala Tulcea\",\"potentialAction\":[{\"@type\":\"SearchAction\",\"target\":{\"@type\":\"EntryPoint\",\"urlTemplate\":\"https:\/\/oamgmamr-tulcea.ro\/?s={search_term_string}\"},\"query-input\":\"required name=search_term_string\"}],\"inLanguage\":\"ro-RO\"}]}<\/script>\n<!-- \/ Yoast SEO plugin. -->","yoast_head_json":{"title":"Filialele jude\u021bene ale OAMGMAMR - OAMGMAMR Filiala Tulcea","robots":{"index":"index","follow":"follow","max-snippet":"max-snippet:-1","max-image-preview":"max-image-preview:large","max-video-preview":"max-video-preview:-1"},"canonical":"https:\/\/oamgmamr-tulcea.ro\/index.php\/filialele-judetene-ale-oamgmamr\/","og_locale":"ro_RO","og_type":"article","og_title":"Filialele jude\u021bene ale OAMGMAMR - OAMGMAMR Filiala Tulcea","og_description":"Filiala Alba Pre\u015fedinte:&nbsp;INDREICA GRATIELA DANAAdresa:&nbsp;Str. Tudor Vladimirescu, nr. 26, et. 2, cod potal 510095Loc. Alba-Iulia, Jud. AlbaTelefon:&nbsp;0258\/830 570, 0258\/830570Email:&nbsp;oammr_ab@yahoo.com Filiala Arad Pre\u015fedinte:&nbsp;BALAN MIRELA ANICAAdresa:&nbsp;Pia\u021ba Mihai Viteazu [\u2026]","og_url":"https:\/\/oamgmamr-tulcea.ro\/index.php\/filialele-judetene-ale-oamgmamr\/","og_site_name":"OAMGMAMR Filiala Tulcea","article_modified_time":"2020-02-02T16:47:27+00:00","twitter_card":"summary_large_image","twitter_misc":{"Timp estimat pentru citire":"6 minute"},"schema":{"@context":"https:\/\/schema.org","@graph":[{"@type":"WebPage","@id":"https:\/\/oamgmamr-tulcea.ro\/index.php\/filialele-judetene-ale-oamgmamr\/","url":"https:\/\/oamgmamr-tulcea.ro\/index.php\/filialele-judetene-ale-oamgmamr\/","name":"Filialele jude\u021bene ale OAMGMAMR - OAMGMAMR Filiala Tulcea","isPartOf":{"@id":"https:\/\/oamgmamr-tulcea.ro\/#website"},"datePublished":"2020-02-02T16:39:52+00:00","dateModified":"2020-02-02T16:47:27+00:00","breadcrumb":{"@id":"https:\/\/oamgmamr-tulcea.ro\/index.php\/filialele-judetene-ale-oamgmamr\/#breadcrumb"},"inLanguage":"ro-RO","potentialAction":[{"@type":"ReadAction","target":["https:\/\/oamgmamr-tulcea.ro\/index.php\/filialele-judetene-ale-oamgmamr\/"]}]},{"@type":"BreadcrumbList","@id":"https:\/\/oamgmamr-tulcea.ro\/index.php\/filialele-judetene-ale-oamgmamr\/#breadcrumb","itemListElement":[{"@type":"ListItem","position":1,"name":"Prima pagin\u0103","item":"https:\/\/oamgmamr-tulcea.ro\/"},{"@type":"ListItem","position":2,"name":"Filialele jude\u021bene ale OAMGMAMR"}]},{"@type":"WebSite","@id":"https:\/\/oamgmamr-tulcea.ro\/#website","url":"https:\/\/oamgmamr-tulcea.ro\/","name":"OAMGMAMR Filiala Tulcea","description":"OAMR Filiala Tulcea","potentialAction":[{"@type":"SearchAction","target":{"@type":"EntryPoint","urlTemplate":"https:\/\/oamgmamr-tulcea.ro\/?s={search_term_string}"},"query-input":"required name=search_term_string"}],"inLanguage":"ro-RO"}]}},"_links":{"self":[{"href":"https:\/\/oamgmamr-tulcea.ro\/index.php\/wp-json\/wp\/v2\/pages\/192"}],"collection":[{"href":"https:\/\/oamgmamr-tulcea.ro\/index.php\/wp-json\/wp\/v2\/pages"}],"about":[{"href":"https:\/\/oamgmamr-tulcea.ro\/index.php\/wp-json\/wp\/v2\/types\/page"}],"author":[{"embeddable":true,"href":"https:\/\/oamgmamr-tulcea.ro\/index.php\/wp-json\/wp\/v2\/users\/1"}],"replies":[{"embeddable":true,"href":"https:\/\/oamgmamr-tulcea.ro\/index.php\/wp-json\/wp\/v2\/comments?post=192"}],"version-history":[{"count":2,"href":"https:\/\/oamgmamr-tulcea.ro\/index.php\/wp-json\/wp\/v2\/pages\/192\/revisions"}],"predecessor-version":[{"id":194,"href":"https:\/\/oamgmamr-tulcea.ro\/index.php\/wp-json\/wp\/v2\/pages\/192\/revisions\/194"}],"wp:attachment":[{"href":"https:\/\/oamgmamr-tulcea.ro\/index.php\/wp-json\/wp\/v2\/media?parent=192"}],"curies":[{"name":"wp","href":"https:\/\/api.w.org\/{rel}","templated":true}]}}